{"id":6039,"date":"2025-05-05T12:52:27","date_gmt":"2025-05-05T12:52:27","guid":{"rendered":"https:\/\/002.ricardomacedo.com\/?page_id=6039"},"modified":"2025-08-27T11:40:38","modified_gmt":"2025-08-27T11:40:38","slug":"6039-2","status":"publish","type":"page","link":"https:\/\/002.ricardomacedo.com\/en\/6039-2\/","title":{"rendered":"Ofertas"},"content":{"rendered":"<p>[et_pb_section fb_built=&#8221;1&#8243; fullwidth=&#8221;on&#8221; _builder_version=&#8221;4.27.4&#8243; _module_preset=&#8221;default&#8221; background_image=&#8221;https:\/\/002.ricardomacedo.com\/wp-content\/uploads\/2025\/04\/qdm_fachada_edit_v2.jpg&#8221; background_position=&#8221;bottom_center&#8221; background_vertical_offset=&#8221;19%&#8221; background_enable_video_mp4=&#8221;off&#8221; transform_translate=&#8221;0px|-82px&#8221; transform_translate_linked=&#8221;off&#8221; module_alignment=&#8221;center&#8221; height=&#8221;450px&#8221; height_tablet=&#8221;515px&#8221; height_phone=&#8221;500px&#8221; height_last_edited=&#8221;on|phone&#8221; custom_margin=&#8221;||-80px||false|false&#8221; custom_padding=&#8221;||||true|false&#8221; locked=&#8221;off&#8221; global_colors_info=&#8221;{}&#8221;][\/et_pb_section][et_pb_section fb_built=&#8221;1&#8243; custom_padding_last_edited=&#8221;on|phone&#8221; disabled_on=&#8221;off|off|off&#8221; _builder_version=&#8221;4.27.4&#8243; _module_preset=&#8221;default&#8221; background_color=&#8221;RGBA(255,255,255,0)&#8221; overflow-x=&#8221;hidden&#8221; overflow-y=&#8221;hidden&#8221; custom_padding=&#8221;35px||30px|||&#8221; custom_padding_tablet=&#8221;35px||30px|||&#8221; custom_padding_phone=&#8221;||0px||false|false&#8221; locked=&#8221;off&#8221; global_colors_info=&#8221;{}&#8221;][et_pb_row _builder_version=&#8221;4.27.4&#8243; _module_preset=&#8221;default&#8221; width=&#8221;65%&#8221; width_tablet=&#8221;80%&#8221; width_phone=&#8221;80%&#8221; width_last_edited=&#8221;on|phone&#8221; custom_margin_tablet=&#8221;&#8221; custom_margin_phone=&#8221;-15px||||false|false&#8221; custom_margin_last_edited=&#8221;on|phone&#8221; custom_padding=&#8221;||2px|||&#8221; global_colors_info=&#8221;{}&#8221;][et_pb_column type=&#8221;4_4&#8243; _builder_version=&#8221;4.27.4&#8243; _module_preset=&#8221;default&#8221; global_colors_info=&#8221;{}&#8221;][et_pb_text _builder_version=&#8221;4.27.4&#8243; _module_preset=&#8221;aff76e9d-4ea9-4beb-9aaf-a86f1ee1d6c6&#8243; header_text_align=&#8221;center&#8221; header_font_size=&#8221;35px&#8221; custom_margin=&#8221;||1px|||&#8221; custom_margin_tablet=&#8221;||1px|||&#8221; custom_margin_phone=&#8221;||-3px||false|false&#8221; custom_margin_last_edited=&#8221;on|phone&#8221; custom_padding=&#8221;||4px|||&#8221; text_text_color_tablet=&#8221;&#8221; text_text_color_phone=&#8221;&#8221; text_text_color_last_edited=&#8221;on|desktop&#8221; header_font_size_tablet=&#8221;30px&#8221; header_font_size_phone=&#8221;25px&#8221; header_font_size_last_edited=&#8221;on|desktop&#8221; global_colors_info=&#8221;{%22gcid-2d3ca400-beca-4382-8321-27c79dab41a4%22:%91%22header_text_color%22%93}&#8221;]<\/p>\n<h1>DEALS<\/h1>\n<p>[\/et_pb_text][et_pb_text _builder_version=&#8221;4.27.4&#8243; _module_preset=&#8221;6b77aeec-74a9-4e13-bbef-2993abf96ca3&#8243; text_font=&#8221;Source Serif 4||||||||&#8221; header_font=&#8221;Source Serif 4||||||||&#8221; header_2_font=&#8221;|300|||||||&#8221; header_2_text_align=&#8221;center&#8221; header_2_font_size=&#8221;25px&#8221; text_text_color_tablet=&#8221;&#8221; text_text_color_phone=&#8221;&#8221; text_text_color_last_edited=&#8221;on|desktop&#8221; header_font_size_tablet=&#8221;60px&#8221; header_font_size_phone=&#8221;27px&#8221; header_2_font_size_tablet=&#8221;22px&#8221; header_2_font_size_phone=&#8221;18px&#8221; header_2_font_size_last_edited=&#8221;on|phone&#8221; global_colors_info=&#8221;{%22gcid-2d3ca400-beca-4382-8321-27c79dab41a4%22:%91%22header_text_color%22%93}&#8221;]<\/p>\n<h2><span>Explore our special deals<\/span><\/h2>\n<p>[\/et_pb_text][\/et_pb_column][\/et_pb_row][et_pb_row _builder_version=&#8221;4.20.0&#8243; _module_preset=&#8221;default&#8221; width=&#8221;65%&#8221; width_tablet=&#8221;80%&#8221; width_phone=&#8221;80%&#8221; width_last_edited=&#8221;on|phone&#8221; custom_margin_tablet=&#8221;-20px||||false|false&#8221; custom_margin_phone=&#8221;-20px||||false|false&#8221; custom_margin_last_edited=&#8221;on|tablet&#8221; custom_padding=&#8221;||4px|||&#8221; global_colors_info=&#8221;{}&#8221;][et_pb_column type=&#8221;4_4&#8243; _builder_version=&#8221;4.20.0&#8243; _module_preset=&#8221;default&#8221; global_colors_info=&#8221;{}&#8221;][et_pb_text _builder_version=&#8221;4.27.4&#8243; _module_preset=&#8221;d9481202-e772-4aba-8a2e-b00008065f83&#8243; header_4_text_align=&#8221;center&#8221; header_4_line_height=&#8221;1.6em&#8221; global_colors_info=&#8221;{}&#8221;]<\/p>\n<h4 data-start=\"108\" data-end=\"549\">At Quinta dos Mist\u00e9rios, we have promotions tailored to you, your family, and your professional life. From family getaways with special conditions for children to extended stays with all the amenities for digital nomads or remote workers \u2014 here you will find the perfect combination of comfort, nature, and flexibility. Discover our current offers and experience life at the pace of the Mist\u00e9rios.<\/h4>\n<p>[\/et_pb_text][\/et_pb_column][\/et_pb_row][\/et_pb_section][et_pb_section fb_built=&#8221;1&#8243; custom_padding_last_edited=&#8221;on|phone&#8221; disabled_on=&#8221;off|off|off&#8221; _builder_version=&#8221;4.27.4&#8243; _module_preset=&#8221;default&#8221; background_color=&#8221;RGBA(255,255,255,0)&#8221; overflow-x=&#8221;hidden&#8221; overflow-y=&#8221;hidden&#8221; custom_padding=&#8221;3px||53px|||&#8221; custom_padding_tablet=&#8221;3px||53px|||&#8221; custom_padding_phone=&#8221;3px||40px||false|false&#8221; locked=&#8221;off&#8221; global_colors_info=&#8221;{}&#8221;][et_pb_row column_structure=&#8221;2_5,3_5&#8243; _builder_version=&#8221;4.27.4&#8243; _module_preset=&#8221;default&#8221; width=&#8221;65%&#8221; width_tablet=&#8221;80%&#8221; width_phone=&#8221;80%&#8221; width_last_edited=&#8221;on|phone&#8221; custom_padding=&#8221;||4px|||&#8221; global_colors_info=&#8221;{}&#8221;][et_pb_column type=&#8221;2_5&#8243; _builder_version=&#8221;4.27.4&#8243; _module_preset=&#8221;default&#8221; background_enable_image=&#8221;off&#8221; global_colors_info=&#8221;{}&#8221;][et_pb_image src=&#8221;https:\/\/002.ricardomacedo.com\/wp-content\/uploads\/2025\/07\/interior_CF0A8039.jpg&#8221; title_text=&#8221;interior_CF0A8039&#8243; _builder_version=&#8221;4.27.4&#8243; _module_preset=&#8221;default&#8221; global_colors_info=&#8221;{}&#8221;][\/et_pb_image][\/et_pb_column][et_pb_column type=&#8221;3_5&#8243; _builder_version=&#8221;4.27.4&#8243; _module_preset=&#8221;default&#8221; background_enable_image=&#8221;off&#8221; global_colors_info=&#8221;{}&#8221;][et_pb_text _builder_version=&#8221;4.27.4&#8243; _module_preset=&#8221;default&#8221; text_font=&#8221;PT Serif||||||||&#8221; text_text_color=&#8221;gcid-870cfaae-335f-498c-9c50-febe72a93bbf&#8221; text_font_size=&#8221;25px&#8221; text_line_height=&#8221;1.2em&#8221; custom_margin=&#8221;||||true|false&#8221; custom_padding=&#8221;||||false|false&#8221; global_colors_info=&#8221;{%22gcid-870cfaae-335f-498c-9c50-febe72a93bbf%22:%91%22text_text_color%22%93}&#8221;]<\/p>\n<p>Fique 2 Noites<br \/>Sinta-se em Casa<\/p>\n<p>[\/et_pb_text][et_pb_text _builder_version=&#8221;4.27.4&#8243; _module_preset=&#8221;default&#8221; header_4_font=&#8221;Source Serif 4|300|||||||&#8221; header_4_text_align=&#8221;left&#8221; header_4_text_color=&#8221;gcid-870cfaae-335f-498c-9c50-febe72a93bbf&#8221; header_4_font_size=&#8221;14px&#8221; header_4_line_height=&#8221;1.6em&#8221; global_colors_info=&#8221;{%22gcid-870cfaae-335f-498c-9c50-febe72a93bbf%22:%91%22header_4_text_color%22%93}&#8221;]<\/p>\n<h4>Prolongue o descanso e aproveite ao m\u00e1ximo o que a nossa casa e a regi\u00e3o t\u00eam para oferecer. Ao reservar <strong data-start=\"922\" data-end=\"944\">m\u00ednimo de 2 noites<\/strong>, garante tempo suficiente para desligar da rotina, explorar os arredores e voltar com novas mem\u00f3rias.<\/h4>\n<p>[\/et_pb_text][et_pb_button button_text=&#8221;RESERVAR&#8221; button_alignment=&#8221;left&#8221; _builder_version=&#8221;4.27.4&#8243; _module_preset=&#8221;default&#8221; custom_button=&#8221;on&#8221; button_text_size=&#8221;15px&#8221; button_text_color=&#8221;#FFFFFF&#8221; button_bg_color=&#8221;gcid-2d3ca400-beca-4382-8321-27c79dab41a4&#8243; button_border_width=&#8221;0px&#8221; button_border_radius=&#8221;67px&#8221; button_letter_spacing=&#8221;0px&#8221; button_font=&#8221;Source Serif 4|600|||||||&#8221; button_icon=&#8221;&#x39;||divi||400&#8243; custom_margin=&#8221;||48px||false|false&#8221; hover_enabled=&#8221;0&#8243; button_text_color_tablet=&#8221;gcid-2d3ca400-beca-4382-8321-27c79dab41a4&#8243; button_text_color_phone=&#8221;#FFFFFF&#8221; button_text_color_last_edited=&#8221;on|phone&#8221; button_border_width_tablet=&#8221;0px&#8221; button_border_width_phone=&#8221;0px&#8221; button_border_width_last_edited=&#8221;on|desktop&#8221; button_icon_tablet=&#8221;9||divi||400&#8243; button_icon_phone=&#8221;9||divi||400&#8243; button_icon_last_edited=&#8221;on|desktop&#8221; locked=&#8221;off&#8221; global_colors_info=&#8221;{%22gcid-2d3ca400-beca-4382-8321-27c79dab41a4%22:%91%22button_icon_color%22,%22button_border_color__hover%22,%22button_bg_color%22%93}&#8221; button_border_width__hover=&#8221;0px&#8221; button_border_width__hover_enabled=&#8221;on|hover&#8221; button_border_color__hover=&#8221;#eb9560&#8243; button_border_color__hover_enabled=&#8221;on|hover&#8221; button_text_color__hover_enabled=&#8221;on|desktop&#8221; button_text_color__hover=&#8221;#FFFFFF&#8221; button_url=&#8221;https:\/\/be.heytravel.net\/e158d1bb-58f2-4a26-a01e-731bcca1bd8e&#8221; url_new_window=&#8221;on&#8221; sticky_enabled=&#8221;0&#8243;][\/et_pb_button][\/et_pb_column][\/et_pb_row][et_pb_row column_structure=&#8221;2_5,3_5&#8243; _builder_version=&#8221;4.27.4&#8243; _module_preset=&#8221;default&#8221; width=&#8221;65%&#8221; width_tablet=&#8221;80%&#8221; width_phone=&#8221;80%&#8221; width_last_edited=&#8221;on|phone&#8221; custom_padding=&#8221;||4px|||&#8221; global_colors_info=&#8221;{}&#8221;][et_pb_column type=&#8221;2_5&#8243; _builder_version=&#8221;4.27.4&#8243; _module_preset=&#8221;default&#8221; background_enable_image=&#8221;off&#8221; global_colors_info=&#8221;{}&#8221;][et_pb_image src=&#8221;https:\/\/002.ricardomacedo.com\/wp-content\/uploads\/2025\/07\/piscina_DSC1582-quinta-misterios.jpg&#8221; title_text=&#8221;piscina_DSC1582-quinta-misterios&#8221; _builder_version=&#8221;4.27.4&#8243; _module_preset=&#8221;default&#8221; global_colors_info=&#8221;{}&#8221;][\/et_pb_image][\/et_pb_column][et_pb_column type=&#8221;3_5&#8243; _builder_version=&#8221;4.27.4&#8243; _module_preset=&#8221;default&#8221; background_enable_image=&#8221;off&#8221; global_colors_info=&#8221;{}&#8221;][et_pb_text _builder_version=&#8221;4.27.4&#8243; _module_preset=&#8221;default&#8221; text_font=&#8221;PT Serif||||||||&#8221; text_text_color=&#8221;gcid-870cfaae-335f-498c-9c50-febe72a93bbf&#8221; text_font_size=&#8221;25px&#8221; text_line_height=&#8221;1.2em&#8221; custom_margin=&#8221;||||true|false&#8221; custom_padding=&#8221;||||false|false&#8221; global_colors_info=&#8221;{%22gcid-870cfaae-335f-498c-9c50-febe72a93bbf%22:%91%22text_text_color%22%93}&#8221;]<\/p>\n<p>Fique 10 Noites<br \/>Viva Como um Local<\/p>\n<p>[\/et_pb_text][et_pb_text _builder_version=&#8221;4.27.4&#8243; _module_preset=&#8221;default&#8221; header_4_font=&#8221;Source Serif 4|300|||||||&#8221; header_4_text_align=&#8221;left&#8221; header_4_text_color=&#8221;gcid-870cfaae-335f-498c-9c50-febe72a93bbf&#8221; header_4_font_size=&#8221;14px&#8221; header_4_line_height=&#8221;1.6em&#8221; global_colors_info=&#8221;{%22gcid-870cfaae-335f-498c-9c50-febe72a93bbf%22:%91%22header_4_text_color%22%93}&#8221;]<\/p>\n<h4>Para quem quer mais do que visitar \u2014 quer viver a experi\u00eancia. Ao reservar <strong data-start=\"1403\" data-end=\"1426\">m\u00ednimo de 10 noites<\/strong>, tem tempo para mergulhar na cultura local, descobrir recantos escondidos e tornar-se parte da comunidade, mesmo que por uns dias.<\/h4>\n<p>[\/et_pb_text][et_pb_button button_text=&#8221;RESERVAR&#8221; button_alignment=&#8221;left&#8221; _builder_version=&#8221;4.27.4&#8243; _module_preset=&#8221;default&#8221; custom_button=&#8221;on&#8221; button_text_size=&#8221;15px&#8221; button_text_color=&#8221;#FFFFFF&#8221; button_bg_color=&#8221;gcid-2d3ca400-beca-4382-8321-27c79dab41a4&#8243; button_border_width=&#8221;0px&#8221; button_border_radius=&#8221;67px&#8221; button_letter_spacing=&#8221;0px&#8221; button_font=&#8221;Source Serif 4|600|||||||&#8221; button_icon=&#8221;&#x39;||divi||400&#8243; custom_margin=&#8221;||48px||false|false&#8221; hover_enabled=&#8221;0&#8243; button_text_color_tablet=&#8221;gcid-2d3ca400-beca-4382-8321-27c79dab41a4&#8243; button_text_color_phone=&#8221;#FFFFFF&#8221; button_text_color_last_edited=&#8221;on|phone&#8221; button_border_width_tablet=&#8221;0px&#8221; button_border_width_phone=&#8221;0px&#8221; button_border_width_last_edited=&#8221;on|desktop&#8221; button_icon_tablet=&#8221;9||divi||400&#8243; button_icon_phone=&#8221;9||divi||400&#8243; button_icon_last_edited=&#8221;on|desktop&#8221; locked=&#8221;off&#8221; global_colors_info=&#8221;{%22gcid-2d3ca400-beca-4382-8321-27c79dab41a4%22:%91%22button_icon_color%22,%22button_border_color__hover%22,%22button_bg_color%22%93}&#8221; button_border_width__hover=&#8221;0px&#8221; button_border_width__hover_enabled=&#8221;on|hover&#8221; button_border_color__hover=&#8221;#eb9560&#8243; button_border_color__hover_enabled=&#8221;on|hover&#8221; button_text_color__hover_enabled=&#8221;on|desktop&#8221; button_text_color__hover=&#8221;#FFFFFF&#8221; button_url=&#8221;https:\/\/be.heytravel.net\/e158d1bb-58f2-4a26-a01e-731bcca1bd8e&#8221; url_new_window=&#8221;on&#8221; sticky_enabled=&#8221;0&#8243;][\/et_pb_button][\/et_pb_column][\/et_pb_row][et_pb_row column_structure=&#8221;2_5,3_5&#8243; _builder_version=&#8221;4.27.4&#8243; _module_preset=&#8221;default&#8221; width=&#8221;65%&#8221; width_tablet=&#8221;80%&#8221; width_phone=&#8221;80%&#8221; width_last_edited=&#8221;on|phone&#8221; custom_padding=&#8221;||4px|||&#8221; global_colors_info=&#8221;{}&#8221;][et_pb_column type=&#8221;2_5&#8243; _builder_version=&#8221;4.27.4&#8243; _module_preset=&#8221;default&#8221; background_enable_image=&#8221;off&#8221; global_colors_info=&#8221;{}&#8221;][et_pb_image src=&#8221;https:\/\/002.ricardomacedo.com\/wp-content\/uploads\/2025\/06\/funchal_DSC1355-quinta-misterios.jpg&#8221; title_text=&#8221;funchal_DSC1355-quinta-misterios&#8221; _builder_version=&#8221;4.27.4&#8243; _module_preset=&#8221;default&#8221; global_colors_info=&#8221;{}&#8221;][\/et_pb_image][\/et_pb_column][et_pb_column type=&#8221;3_5&#8243; _builder_version=&#8221;4.27.4&#8243; _module_preset=&#8221;default&#8221; background_enable_image=&#8221;off&#8221; global_colors_info=&#8221;{}&#8221;][et_pb_text _builder_version=&#8221;4.27.4&#8243; _module_preset=&#8221;default&#8221; text_font=&#8221;PT Serif||||||||&#8221; text_text_color=&#8221;gcid-870cfaae-335f-498c-9c50-febe72a93bbf&#8221; text_font_size=&#8221;25px&#8221; text_line_height=&#8221;1.2em&#8221; custom_margin=&#8221;||||true|false&#8221; custom_padding=&#8221;||||false|false&#8221; global_colors_info=&#8221;{%22gcid-870cfaae-335f-498c-9c50-febe72a93bbf%22:%91%22text_text_color%22%93}&#8221;]<\/p>\n<p>Planeie com Anteced\u00eancia<br \/>Poupe e Relaxe<\/p>\n<p>[\/et_pb_text][et_pb_text _builder_version=&#8221;4.27.4&#8243; _module_preset=&#8221;default&#8221; header_4_font=&#8221;Source Serif 4|300|||||||&#8221; header_4_text_align=&#8221;left&#8221; header_4_text_color=&#8221;gcid-870cfaae-335f-498c-9c50-febe72a93bbf&#8221; header_4_font_size=&#8221;14px&#8221; header_4_line_height=&#8221;1.6em&#8221; global_colors_info=&#8221;{%22gcid-870cfaae-335f-498c-9c50-febe72a93bbf%22:%91%22header_4_text_color%22%93}&#8221;]<\/p>\n<h4>Gosta de ter tudo organizado? Ao reservar a sua estadia com <strong data-start=\"1901\" data-end=\"1923\">m\u00ednimo de 7 noites<\/strong> e <strong data-start=\"1926\" data-end=\"1962\">120 dias ou mais de anteced\u00eancia<\/strong>, garante disponibilidade, melhores condi\u00e7\u00f5es e a tranquilidade de saber que as suas f\u00e9rias est\u00e3o asseguradas.<\/h4>\n<p>[\/et_pb_text][et_pb_button button_text=&#8221;RESERVAR&#8221; button_alignment=&#8221;left&#8221; _builder_version=&#8221;4.27.4&#8243; _module_preset=&#8221;default&#8221; custom_button=&#8221;on&#8221; button_text_size=&#8221;15px&#8221; button_text_color=&#8221;#FFFFFF&#8221; button_bg_color=&#8221;gcid-2d3ca400-beca-4382-8321-27c79dab41a4&#8243; button_border_width=&#8221;0px&#8221; button_border_radius=&#8221;67px&#8221; button_letter_spacing=&#8221;0px&#8221; button_font=&#8221;Source Serif 4|600|||||||&#8221; button_icon=&#8221;&#x39;||divi||400&#8243; custom_margin=&#8221;||48px||false|false&#8221; hover_enabled=&#8221;0&#8243; button_text_color_tablet=&#8221;gcid-2d3ca400-beca-4382-8321-27c79dab41a4&#8243; button_text_color_phone=&#8221;#FFFFFF&#8221; button_text_color_last_edited=&#8221;on|phone&#8221; button_border_width_tablet=&#8221;0px&#8221; button_border_width_phone=&#8221;0px&#8221; button_border_width_last_edited=&#8221;on|desktop&#8221; button_icon_tablet=&#8221;9||divi||400&#8243; button_icon_phone=&#8221;9||divi||400&#8243; button_icon_last_edited=&#8221;on|desktop&#8221; locked=&#8221;off&#8221; global_colors_info=&#8221;{%22gcid-2d3ca400-beca-4382-8321-27c79dab41a4%22:%91%22button_icon_color%22,%22button_border_color__hover%22,%22button_bg_color%22%93}&#8221; button_border_width__hover=&#8221;0px&#8221; button_border_width__hover_enabled=&#8221;on|hover&#8221; button_border_color__hover=&#8221;#eb9560&#8243; button_border_color__hover_enabled=&#8221;on|hover&#8221; button_text_color__hover_enabled=&#8221;on|desktop&#8221; button_text_color__hover=&#8221;#FFFFFF&#8221; button_url=&#8221;https:\/\/be.heytravel.net\/e158d1bb-58f2-4a26-a01e-731bcca1bd8e&#8221; url_new_window=&#8221;on&#8221; sticky_enabled=&#8221;0&#8243;][\/et_pb_button][\/et_pb_column][\/et_pb_row][\/et_pb_section]<\/p>","protected":false},"excerpt":{"rendered":"<p>OFERTASDescobre as nossa promo\u00e7\u00f5es.Na Quinta dos Mist\u00e9rios, temos promo\u00e7\u00f5es que se adaptam a si, \u00e0 sua fam\u00edlia ou \u00e0 vossa vida profissional. Desde escapadinhas em fam\u00edlia com condi\u00e7\u00f5es especiais para crian\u00e7as, at\u00e9 estadias prolongadas com todas as comodidades para n\u00f3madas digitais ou profissionais em teletrabalho \u2014 aqui encontra a combina\u00e7\u00e3o perfeita entre conforto, natureza e [&hellip;]<\/p>","protected":false},"author":1,"featured_media":0,"parent":0,"menu_order":0,"comment_status":"closed","ping_status":"closed","template":"","meta":{"_et_pb_use_builder":"on","_et_pb_old_content":"","_et_gb_content_width":"","footnotes":""},"class_list":["post-6039","page","type-page","status-publish","hentry"],"_links":{"self":[{"href":"https:\/\/002.ricardomacedo.com\/en\/wp-json\/wp\/v2\/pages\/6039","targetHints":{"allow":["GET"]}}],"collection":[{"href":"https:\/\/002.ricardomacedo.com\/en\/wp-json\/wp\/v2\/pages"}],"about":[{"href":"https:\/\/002.ricardomacedo.com\/en\/wp-json\/wp\/v2\/types\/page"}],"author":[{"embeddable":true,"href":"https:\/\/002.ricardomacedo.com\/en\/wp-json\/wp\/v2\/users\/1"}],"replies":[{"embeddable":true,"href":"https:\/\/002.ricardomacedo.com\/en\/wp-json\/wp\/v2\/comments?post=6039"}],"version-history":[{"count":23,"href":"https:\/\/002.ricardomacedo.com\/en\/wp-json\/wp\/v2\/pages\/6039\/revisions"}],"predecessor-version":[{"id":7120,"href":"https:\/\/002.ricardomacedo.com\/en\/wp-json\/wp\/v2\/pages\/6039\/revisions\/7120"}],"wp:attachment":[{"href":"https:\/\/002.ricardomacedo.com\/en\/wp-json\/wp\/v2\/media?parent=6039"}],"curies":[{"name":"wp","href":"https:\/\/api.w.org\/{rel}","templated":true}]}}