{"id":5746,"date":"2025-04-15T14:44:18","date_gmt":"2025-04-15T14:44:18","guid":{"rendered":"https:\/\/002.ricardomacedo.com\/?page_id=5746"},"modified":"2025-09-12T09:05:17","modified_gmt":"2025-09-12T09:05:17","slug":"termos-condicoes","status":"publish","type":"page","link":"https:\/\/002.ricardomacedo.com\/en\/termos-condicoes\/","title":{"rendered":"Terms &amp; Conditions"},"content":{"rendered":"<p>[et_pb_section fb_built=&#8221;1&#8243; disabled_on=&#8221;off|off|off&#8221; _builder_version=&#8221;4.27.4&#8243; _module_preset=&#8221;default&#8221; background_color=&#8221;RGBA(255,255,255,0)&#8221; transform_translate_linked=&#8221;off&#8221; overflow-x=&#8221;hidden&#8221; overflow-y=&#8221;hidden&#8221; custom_margin=&#8221;100px||||false|false&#8221; custom_margin_tablet=&#8221;0px||||false|false&#8221; custom_margin_phone=&#8221;0px||||false|false&#8221; custom_margin_last_edited=&#8221;on|phone&#8221; custom_padding=&#8221;0px||55px||false|false&#8221; locked=&#8221;off&#8221; global_colors_info=&#8221;{}&#8221;][et_pb_row _builder_version=&#8221;4.27.4&#8243; _module_preset=&#8221;default&#8221; custom_margin=&#8221;0px|auto|0px|auto|false|false&#8221; custom_margin_tablet=&#8221;8px||0px||false|false&#8221; custom_margin_phone=&#8221;-10px||||false|false&#8221; custom_margin_last_edited=&#8221;on|phone&#8221; custom_padding=&#8221;20px|0px|0px|0px|false|false&#8221; global_colors_info=&#8221;{}&#8221;][et_pb_column type=&#8221;4_4&#8243; _builder_version=&#8221;4.27.4&#8243; _module_preset=&#8221;default&#8221; global_colors_info=&#8221;{}&#8221;][et_pb_text _builder_version=&#8221;4.27.4&#8243; _module_preset=&#8221;51be00e7-3df7-4fd1-b3ef-85c2a643a898&#8243; header_font=&#8221;Source Serif 4||||||||&#8221; header_text_color=&#8221;gcid-2d3ca400-beca-4382-8321-27c79dab41a4&#8243; header_font_size=&#8221;35px&#8221; custom_margin=&#8221;||1px|||&#8221; custom_padding=&#8221;||4px|||&#8221; text_text_color_tablet=&#8221;&#8221; text_text_color_phone=&#8221;&#8221; text_text_color_last_edited=&#8221;on|desktop&#8221; header_font_size_tablet=&#8221;35px&#8221; header_font_size_phone=&#8221;30px&#8221; header_font_size_last_edited=&#8221;on|tablet&#8221; global_colors_info=&#8221;{%22gcid-2d3ca400-beca-4382-8321-27c79dab41a4%22:%91%22header_text_color%22%93}&#8221;]<\/p>\n<h1>Terms &amp; Conditions<\/h1>\n<p>[\/et_pb_text][\/et_pb_column][\/et_pb_row][et_pb_row _builder_version=&#8221;4.27.4&#8243; _module_preset=&#8221;default&#8221; custom_padding=&#8221;6px||4px|||&#8221; global_colors_info=&#8221;{}&#8221;][et_pb_column type=&#8221;4_4&#8243; _builder_version=&#8221;4.20.0&#8243; _module_preset=&#8221;default&#8221; global_colors_info=&#8221;{}&#8221;][et_pb_text _builder_version=&#8221;4.27.4&#8243; _module_preset=&#8221;46110c2e-ce32-48eb-9571-1f5a11d786ac&#8221; text_font=&#8221;Source Serif 4|300|||||||&#8221; text_font_size=&#8221;16px&#8221; custom_margin=&#8221;3px|||||&#8221; global_colors_info=&#8221;{}&#8221;]<\/p>\n<h3 data-start=\"248\" data-end=\"292\">Identifica\u00e7\u00e3o do Prestador de Servi\u00e7os<\/h3>\n<p data-start=\"294\" data-end=\"348\">O presente website e motor de reservas s\u00e3o operados por:<\/p>\n<p data-start=\"350\" data-end=\"623\">Quinta dos Mist\u00e9rios \u2013 Turismo de Habita\u00e7\u00e3o, Unipessoal, Lda<br data-start=\"414\" data-end=\"417\" \/>NIF: 513 087 826<br data-start=\"437\" data-end=\"440\" \/>Endere\u00e7o: Largo da Boa Hora, S\/N, 9800-336 Santo Amaro, S\u00e3o Jorge, A\u00e7ores, Portugal<br data-start=\"527\" data-end=\"530\" \/>Telefone: +351 967 692 054 <br data-start=\"579\" data-end=\"582\" \/>E-mail: <a data-start=\"594\" data-end=\"621\" class=\"decorated-link cursor-pointer\" rel=\"noopener\">geral@quintadosmisterios.pt<span aria-hidden=\"true\" class=\"ms-0.5 inline-block align-middle leading-none\"><svg width=\"20\" height=\"20\" viewbox=\"0 0 20 20\" fill=\"currentColor\" xmlns=\"http:\/\/www.w3.org\/2000\/svg\" data-rtl-flip=\"\" class=\"block h-[0.75em] w-[0.75em] stroke-current stroke-[0.75]\"><\/svg><\/span><\/a><\/p>\n<h2><\/h2>\n<h2><\/h2>\n<h2>1. Termos<\/h2>\n<p>Ao aceder a este site, concorda em cumprir estes Termos e Condi\u00e7\u00f5es, todas as leis e regulamentos aplic\u00e1veis, e concorda que \u00e9 respons\u00e1vel pelo cumprimento de todas as leis locais aplic\u00e1veis. Se n\u00e3o concordar com algum destes termos, est\u00e1 proibido de utilizar ou aceder a este site. Os materiais contidos neste site s\u00e3o protegidos pelas leis de direitos de autor e marcas registadas aplic\u00e1veis.<\/p>\n<p>&nbsp;<\/p>\n<h2>2. Uso de Licen\u00e7a<\/h2>\n<p>\u00c9 concedida permiss\u00e3o para baixar temporariamente uma c\u00f3pia dos materiais (informa\u00e7\u00f5es ou software) no site Quinta dos Mist\u00e9rios \u2013 Turismo de Habita\u00e7\u00e3o , apenas para visualiza\u00e7\u00e3o transit\u00f3ria pessoal e n\u00e3o comercial. Esta \u00e9 a concess\u00e3o de uma licen\u00e7a, n\u00e3o uma transfer\u00eancia de t\u00edtulo e, sob esta licen\u00e7a, voc\u00ea n\u00e3o pode:<\/p>\n<ol>\n<li>modificar ou copiar os materiais;<\/li>\n<li>usar os materiais para qualquer finalidade comercial ou para exibi\u00e7\u00e3o p\u00fablica (comercial ou n\u00e3o comercial);<\/li>\n<li>tentar descompilar ou fazer engenharia reversa de qualquer software contido no site Quinta dos Mist\u00e9rios \u2013 Turismo de Habita\u00e7\u00e3o;<\/li>\n<li>remover quaisquer direitos autorais ou outras nota\u00e7\u00f5es de propriedade dos materiais; ou<\/li>\n<li>transferir os materiais para outra pessoa ou \u2018espelhe\u2019 os materiais em qualquer outro servidor.<\/li>\n<\/ol>\n<p>Esta licen\u00e7a ser\u00e1 automaticamente rescindida se voc\u00ea violar alguma dessas restri\u00e7\u00f5es e poder\u00e1 ser rescindida por Quinta dos Mist\u00e9rios \u2013 Turismo de Habita\u00e7\u00e3o, a<strong>\u00a0<\/strong>qualquer momento. Ao encerrar a visualiza\u00e7\u00e3o desses materiais ou ap\u00f3s o t\u00e9rmino desta licen\u00e7a, voc\u00ea deve apagar todos os materiais baixados em sua posse, seja em formato eletr\u00f3nico ou impresso.<\/p>\n<p>&nbsp;<\/p>\n<h2>3. Isen\u00e7\u00e3o de responsabilidade<\/h2>\n<ol>\n<li>Os materiais no site da Quinta dos Mist\u00e9rios \u2013 Turismo de Habita\u00e7\u00e3o, s\u00e3o fornecidos \u2018como est\u00e3o\u2019. Quinta dos Mist\u00e9rios \u2013 Turismo de Habita\u00e7\u00e3o, n\u00e3o oferece garantias, expressas ou impl\u00edcitas, e, por este meio, isenta e nega todas as outras garantias, incluindo, sem limita\u00e7\u00e3o, garantias impl\u00edcitas ou condi\u00e7\u00f5es de comercializa\u00e7\u00e3o, adequa\u00e7\u00e3o a um fim espec\u00edfico ou n\u00e3o viola\u00e7\u00e3o de propriedade intelectual ou outra viola\u00e7\u00e3o de direitos.<\/li>\n<li>Al\u00e9m disso, a Quinta dos Mist\u00e9rios n\u00e3o garante ou faz qualquer representa\u00e7\u00e3o relativa \u00e0 precis\u00e3o, aos resultados prov\u00e1veis \u200b\u200bou \u00e0 confiabilidade do uso dos materiais em seu site ou de outra forma relacionado a esses materiais ou em sites vinculados a este site.<\/li>\n<\/ol>\n<h2><\/h2>\n<h2><\/h2>\n<h2><\/h2>\n<h2>4. Limita\u00e7\u00f5es<\/h2>\n<p>Em nenhum caso a Quinta dos Mist\u00e9rios \u2013 Turismo de Habita\u00e7\u00e3o ou seus fornecedores ser\u00e3o respons\u00e1veis \u200b\u200bpor quaisquer danos (incluindo, sem limita\u00e7\u00e3o, danos por perda de dados ou lucro ou devido a interrup\u00e7\u00e3o dos neg\u00f3cios) decorrentes do uso ou da incapacidade de usar os materiais em Quinta dos Mist\u00e9rios \u2013 Turismo de Habita\u00e7\u00e3o , mesmo que a Quinta dos Mist\u00e9rios \u2013 Turismo de Habita\u00e7\u00e3o ou um representante autorizado da Quinta dos Mist\u00e9rios \u2013 Turismo de Habita\u00e7\u00e3o tenha sido notificado oralmente ou por escrito da possibilidade de tais danos. Como algumas jurisdi\u00e7\u00f5es n\u00e3o permitem limita\u00e7\u00f5es em garantias impl\u00edcitas, ou limita\u00e7\u00f5es de responsabilidade por danos conseq\u00fcentes ou incidentais, essas limita\u00e7\u00f5es podem n\u00e3o se aplicar a voc\u00ea.<\/p>\n<p>&nbsp;<\/p>\n<h2>5. Precis\u00e3o dos materiais<\/h2>\n<p>Os materiais exibidos no site da Quinta dos Mist\u00e9rios \u2013 Turismo de Habita\u00e7\u00e3o podem incluir erros t\u00e9cnicos, tipogr\u00e1ficos ou fotogr\u00e1ficos.A Quinta dos Mist\u00e9rios \u2013 Turismo de Habita\u00e7\u00e3o n\u00e3o garante que qualquer material em seu site seja preciso, completo ou atual. A Quinta dos Mist\u00e9rios \u2013 Turismo de Habita\u00e7\u00e3o pode fazer altera\u00e7\u00f5es nos materiais contidos em seu site a qualquer momento, sem aviso pr\u00e9vio. No entanto, A Quinta dos Mist\u00e9rios \u2013 Turismo de Habita\u00e7\u00e3o n\u00e3o se compromete a atualizar os materiais.<\/p>\n<p>&nbsp;<\/p>\n<h2>6. Links<\/h2>\n<p>A Quinta dos Mist\u00e9rios \u2013 Turismo de Habita\u00e7\u00e3o n\u00e3o analisou todos os sites vinculados ao seu site e n\u00e3o \u00e9 respons\u00e1vel pelo conte\u00fado de nenhum site vinculado. A inclus\u00e3o de qualquer link n\u00e3o implica endosso por a Quinta dos Mist\u00e9rios \u2013 Turismo de Habita\u00e7\u00e3o do site. O uso de qualquer site vinculado \u00e9 por conta e risco do usu\u00e1rio.<\/p>\n<p>&nbsp;<\/p>\n<h3>Modifica\u00e7\u00f5es<\/h3>\n<p>A Quinta dos Mist\u00e9rios \u2013 Turismo de Habita\u00e7\u00e3o pode revisar estes termos de servi\u00e7o do site a qualquer momento, sem aviso pr\u00e9vio. Ao usar este site, voc\u00ea concorda em ficar vinculado \u00e0 vers\u00e3o atual desses termos de servi\u00e7o.<\/p>\n<p>&nbsp;<\/p>\n<h3>Lei aplic\u00e1vel<\/h3>\n<p>Estes termos e condi\u00e7\u00f5es s\u00e3o regidos e interpretados de acordo com as leis da Quinta dos Mist\u00e9rios \u2013 Turismo de Habita\u00e7\u00e3o e voc\u00ea se submete irrevogavelmente \u00e0 jurisdi\u00e7\u00e3o exclusiva dos tribunais naquele estado ou localidade.<\/p>\n<p>&nbsp;<\/p>\n<h2><strong>A INFORMA\u00c7\u00c3O PESSOAL QUE RECOLHEMOS<\/strong><\/h2>\n<p>Quando visita o Site, recolhemos automaticamente certas informa\u00e7\u00f5es sobre o seu dispositivo, incluindo informa\u00e7\u00e3o sobre o seu navegador de internet, endere\u00e7o de IP, fuso hor\u00e1rio e algumas das cookies que est\u00e3o instaladas no seu dispositivo.<\/p>\n<p>Adicionalmente, enquanto navega pelo Site, recolhemos informa\u00e7\u00e3o sobre as p\u00e1ginas individuais ou os produtos que visualiza, os sites ou termos de pesquisa que o direcionaram para o Site e a informa\u00e7\u00e3o sobre como interage com o Site. Referimo-nos a esta informa\u00e7\u00e3o recolhida automaticamente como\u00a0<strong>Informa\u00e7\u00e3o do Dispositivo<\/strong>.<\/p>\n<p>Recolhemos Informa\u00e7\u00e3o do Dispositivo usando as tecnologias seguintes:<\/p>\n<ul>\n<li><strong>Cookies<\/strong>\u00a0s\u00e3o ficheiros de dados colocados no seu dispositivo ou computador e frequentemente incluem um identificador an\u00f3nimo \u00fanico.<\/li>\n<li><strong>Log files<\/strong>\u00a0registam a\u00e7\u00f5es que ocorrem no Site e recolhem dados, incluindo o seu endere\u00e7o de IP, tipo de navegador, fornecedor de servi\u00e7o de internet, p\u00e1ginas de refer\u00eancia\/sa\u00edda e marcadores de data\/hora.<\/li>\n<\/ul>\n<p><em>Mencione todas as outras ferramentas e\/ou tecnologias de rastreio usadas pelo seu site.<\/em><\/p>\n<p>Al\u00e9m disso, quando realiza uma compra ou tenta realizar uma compra atrav\u00e9s do Site, recolhemos certa informa\u00e7\u00e3o sua, incluindo o seu nome, endere\u00e7o de fatura\u00e7\u00e3o, endere\u00e7o de expedi\u00e7\u00e3o, informa\u00e7\u00e3o de pagamento (incluindo n\u00fameros de cart\u00e3o de cr\u00e9dito)\u00a0<em>Mencione todos os tipos de pagamento aceites<\/em>, endere\u00e7o de email e n\u00famero de telefone. Isto chama-se\u00a0<strong>Informa\u00e7\u00e3o da Encomenda<\/strong>.<\/p>\n<p><em>Certifique-se de que menciona toda a outra informa\u00e7\u00e3o que recolhe.<\/em><\/p>\n<p>Por\u00a0<strong>Informa\u00e7\u00e3o Pessoal<\/strong>, nesta Pol\u00edtica de Privacidade, referimo-nos a Informa\u00e7\u00e3o do Dispositivo e Informa\u00e7\u00e3o da Encomenda.<\/p>\n<p>&nbsp;<\/p>\n<h2><strong>COMO USAMOS A SUA INFORMA\u00c7\u00c3O PESSOAL<\/p>\n<p><\/strong><\/h2>\n<p>Geralmente, usamos a Informa\u00e7\u00e3o da Encomenda recolhida para cumprir qualquer encomenda realizada atrav\u00e9s do Site (incluindo o processamento da sua informa\u00e7\u00e3o de pagamento, tratar da expedi\u00e7\u00e3o e fornecer-lhe as faturas e\/ou confirma\u00e7\u00f5es da encomenda).<\/p>\n<p>Adicionalmente, usamos esta Informa\u00e7\u00e3o da Encomenda para:<\/p>\n<ul>\n<li>Comunicar consigo<\/li>\n<li>Analisar as nossas encomendas em busca de potenciais riscos ou fraudes<\/li>\n<li>Quando alinhadas com as prefer\u00eancias que partilhou connosco, fornecer-lhe informa\u00e7\u00e3o ou publicidade relacionada com os nossos produtos ou servi\u00e7os.<\/li>\n<\/ul>\n<p>Usamos a Informa\u00e7\u00e3o de Dispositivo que recolhemos para nos ajudar a eliminar potenciais riscos e fraudes (especialmente, o seu endere\u00e7o de IP) e, mais frequentemente, para melhorar e otimizar o nosso Site.<\/p>\n<p>&nbsp;<\/p>\n<p><strong>PARTILHAR A SUA INFORMA\u00c7\u00c3O PESSOAL<\/strong><\/p>\n<p>Partilhamos a sua Informa\u00e7\u00e3o Pessoal com entidades terceiras que nos ajudam a usar a sua Informa\u00e7\u00e3o Pessoal, tal como descrito acima.<\/p>\n<p>Tamb\u00e9m usamos a Google Analytics para nos ajudar a perceber como os nossos clientes usam a (Nome da Loja).\u00a0<a href=\"https:\/\/www.google.com\/intl\/en\/policies\/privacy\/\" target=\"_blank\" rel=\"nofollow noopener\">Como a Google usa a sua Informa\u00e7\u00e3o Pessoal<\/a>.<\/p>\n<p>Finalmente, tamb\u00e9m podemos partilhar a sua Informa\u00e7\u00e3o Pessoal para cumprir leis e regulamentos aplic\u00e1veis, para responder a intima\u00e7\u00f5es, mandados de busca ou outros pedidos legais relativos a informa\u00e7\u00e3o que recebemos, ou para proteger os nossos direitos de qualquer outra forma.<\/p>\n<p><strong>PUBLICIDADE COMPORTAMENTAL<\/strong><\/p>\n<p>Usamos a sua Informa\u00e7\u00e3o Pessoal para lhe fornecer an\u00fancios direcionados ou comunica\u00e7\u00f5es de marketing que acreditamos que possam ser do seu interesse.<\/p>\n<p><em>Mencione liga\u00e7\u00f5es de cancelamento de servi\u00e7os externos, tais como:<\/em><\/p>\n<ul>\n<li><a href=\"https:\/\/www.facebook.com\/settings\/?tab=ads\" target=\"_blank\" rel=\"nofollow noopener\">Facebook<\/a><\/li>\n<li><a href=\"https:\/\/www.google.com\/settings\/ads\/anonymous\" target=\"_blank\" rel=\"nofollow noopener\">Google<\/a><\/li>\n<\/ul>\n<p>Pode cancelar a publicidade direcionada\u2026<\/p>\n<p>&nbsp;<\/p>\n<h2><strong>OS SEUS DIREITOS<\/strong><\/h2>\n<p>Se for residente na Europa, tem o direito de aceder \u00e0 informa\u00e7\u00e3o pessoal que temos sobre si e de pedir que a sua informa\u00e7\u00e3o pessoal seja corrigida, atualizada ou eliminada. Se desejar exercer este direito, por favor, contacte-nos.<\/p>\n<p>Al\u00e9m disso, se for residente na Europa, real\u00e7amos que processamos a sua informa\u00e7\u00e3o para cumprir contratos que possamos ter consigo (por exemplo, se realizar uma encomenda atrav\u00e9s do Site) ou para, de outra qualquer forma, perseguir os nossos interesses comerciais leg\u00edtimos listados acima.<\/p>\n<p>Tenha em aten\u00e7\u00e3o que a sua informa\u00e7\u00e3o ser\u00e1 transferida para fora da Europa, incluindo para o Canad\u00e1 e para os Estados Unidos.<\/p>\n<p>&nbsp;<\/p>\n<h2><strong>RETEN\u00c7\u00c3O DE DADOS<\/strong><\/h2>\n<p>Quando realizar uma encomenda atrav\u00e9s do Site, manteremos a sua Informa\u00e7\u00e3o de Encomenda nos nossos registos, a n\u00e3o ser que nos pe\u00e7a para eliminar a informa\u00e7\u00e3o.<\/p>\n<p>&nbsp;<\/p>\n<h3><strong>ALTERA\u00c7\u00d5ES<\/strong><\/h3>\n<p>Podemos atualizar esta pol\u00edtica de privacidade ocasionalmente de forma a refletir, por exemplo, mudan\u00e7as nas nossas pr\u00e1ticas ou devido a outros motivos operacionais, legais ou regulat\u00f3rios.<\/p>\n<p>Caso tenha mais quest\u00f5es e\/ou precise de mais informa\u00e7\u00e3o, n\u00e3o hesite em contactar-nos em<a href=\"mailto:geral@quintadosmisterios.pt\"><b><span>\u00a0<\/span>geral@quintadosmisterios.pt<\/b><\/a>.<\/p>\n<p>[\/et_pb_text][\/et_pb_column][\/et_pb_row][et_pb_row _builder_version=&#8221;4.27.4&#8243; _module_preset=&#8221;default&#8221; custom_padding=&#8221;6px||4px|||&#8221; global_colors_info=&#8221;{}&#8221;][et_pb_column type=&#8221;4_4&#8243; _builder_version=&#8221;4.20.0&#8243; _module_preset=&#8221;default&#8221; global_colors_info=&#8221;{}&#8221;][et_pb_text _builder_version=&#8221;4.27.4&#8243; _module_preset=&#8221;46110c2e-ce32-48eb-9571-1f5a11d786ac&#8221; text_font=&#8221;Source Serif 4|300|||||||&#8221; text_font_size=&#8221;16px&#8221; custom_margin=&#8221;3px|||||&#8221; hover_enabled=&#8221;0&#8243; global_colors_info=&#8221;{}&#8221; sticky_enabled=&#8221;0&#8243;]<\/p>\n<p>&nbsp;<\/p>\n<p>&nbsp;<\/p>\n<p>&nbsp;<\/p>\n<h2>Informa\u00e7\u00e3o ao Consumidor \u2013 Resolu\u00e7\u00e3o Alternativa de Lit\u00edgios (RAL)<\/h2>\n<p>Nos termos do n.\u00ba 1 do artigo 18.\u00ba da Lei n.\u00ba 144\/2015, de 8 de setembro, informamos que, em caso de lit\u00edgio de consumo, o consumidor pode recorrer \u00e0 seguinte entidade de Resolu\u00e7\u00e3o Alternativa de Lit\u00edgios:<br \/><strong><br \/>CIMARA \u2013 Centro de Informa\u00e7\u00e3o, Media\u00e7\u00e3o e Arbitragem de Consumo dos A\u00e7ores<\/strong><br \/>Rua Ernesto do Canto, n.\u00ba 40, 1.\u00ba Andar<br \/>9500-312 Ponta Delgada,<br \/>A\u00e7ores, Portugal<\/p>\n<p>Telefone: (+351) 296 629 726<br \/>E-mail: <a href=\"mailto:consumidores@ocimara.pt\">consumidores@ocimara.pt<\/a><br \/>Website: <a href=\"https:\/\/ocimara.pt\" target=\"_blank\" rel=\"noopener\">https:\/\/ocimara.pt<\/a><\/p>\n<p>Para aceder \u00e0 lista completa das entidades de Resolu\u00e7\u00e3o Alternativa de Lit\u00edgios a n\u00edvel nacional,<br \/>consulte o Portal do Consumidor: <a href=\"https:\/\/www.consumidor.gov.pt\" target=\"_blank\" rel=\"noopener\">https:\/\/www.consumidor.gov.pt<\/a><\/p>\n<p>&nbsp;<\/p>\n<h2 data-start=\"211\" data-end=\"242\">Direito de Livre Resolu\u00e7\u00e3o<\/h2>\n<p data-start=\"244\" data-end=\"454\">Nos termos do disposto no Decreto-Lei n.\u00ba 24\/2014, de 14 de fevereiro, o consumidor tem o direito de resolver o presente contrato no prazo de 14 dias de calend\u00e1rio, sem necessidade de indicar qualquer motivo.<\/p>\n<p data-start=\"456\" data-end=\"788\">O prazo para exercer o direito de livre resolu\u00e7\u00e3o expira 14 dias a contar:<br data-start=\"530\" data-end=\"533\" \/>\u2013 no caso de um contrato de presta\u00e7\u00e3o de servi\u00e7os, do dia da celebra\u00e7\u00e3o do contrato;<br data-start=\"617\" data-end=\"620\" \/>\u2013 no caso de um contrato de compra e venda, do dia em que o consumidor (ou um terceiro por si indicado, que n\u00e3o seja o transportador) adquira a posse f\u00edsica dos bens.<\/p>\n<p data-start=\"790\" data-end=\"1217\">Para exercer o seu direito de livre resolu\u00e7\u00e3o, o consumidor deve comunicar \u00e0 Quinta dos Mist\u00e9rios \u2013 Turismo de Habita\u00e7\u00e3o, Unipessoal, Lda, para o e-mail <a data-start=\"949\" data-end=\"976\" class=\"decorated-link cursor-pointer\" rel=\"noopener\">geral@quintadosmisterios.pt<span aria-hidden=\"true\" class=\"ms-0.5 inline-block align-middle leading-none\"><svg width=\"20\" height=\"20\" viewbox=\"0 0 20 20\" fill=\"currentColor\" xmlns=\"http:\/\/www.w3.org\/2000\/svg\" data-rtl-flip=\"\" class=\"block h-[0.75em] w-[0.75em] stroke-current stroke-[0.75]\"><\/svg><\/span><\/a><\/p>\n<p data-start=\"790\" data-end=\"1217\"><span aria-hidden=\"true\" class=\"ms-0.5 inline-block align-middle leading-none\"><\/span><\/p>\n<p data-start=\"790\" data-end=\"1217\"><span aria-hidden=\"true\" class=\"ms-0.5 inline-block align-middle leading-none\"><\/span><\/p>\n<p data-start=\"790\" data-end=\"1217\"><span aria-hidden=\"true\" class=\"ms-0.5 inline-block align-middle leading-none\"><\/span><\/p>\n<h2 data-start=\"790\" data-end=\"1217\"><span aria-hidden=\"true\" class=\"ms-0.5 inline-block align-middle leading-none\">Pol\u00edtica de Cancelamento<\/span><\/h2>\n<p data-start=\"790\" data-end=\"1217\"><span aria-hidden=\"true\" class=\"ms-0.5 inline-block align-middle leading-none\"><strong>Cancelamento gratuito:<\/strong> Na altura da \u00e9poca baixa, o cancelamento at\u00e9 10<br \/>dias do check-in n\u00e3o tem custos. Uma vez que a sua reserva abranja a<br \/>\u00e9poca alta, o cancelamento gratuito s\u00f3 ser\u00e1 eleg\u00edvel at\u00e9 60 dias antes do<br \/>check-in.<\/span><\/p>\n<p data-start=\"790\" data-end=\"1217\"><span aria-hidden=\"true\" class=\"ms-0.5 inline-block align-middle leading-none\"><strong>Cancelamento tardio ou N\u00e3o Comparecimento:<\/strong> Em caso de cancelamento,<br \/>ap\u00f3s o prazo gratuito acima referido, ser\u00e1 cobrada uma taxa equivalente ao<br \/>valor do dep\u00f3sito inicialmente cobrado, ou seja, 25% da reserva total.<\/span><\/p>\n<p data-start=\"790\" data-end=\"1217\"><span aria-hidden=\"true\" class=\"ms-0.5 inline-block align-middle leading-none\">Na \u00e9poca alta, os cancelamentos efetuados nos 30 dias que antecedem o<br \/>check-in ou o n\u00e3o comparecimento ( \u201cno-show\u201d) incorrer\u00e3o no pagamento<br \/>do valor total da reserva.<\/span><\/p>\n<p data-start=\"790\" data-end=\"1217\"><span aria-hidden=\"true\" class=\"ms-0.5 inline-block align-middle leading-none\"><strong>Altera\u00e7\u00e3o de Reserva:<\/strong> Caso deseje alterar a sua reserva (datas, n\u00famero de<br \/>pessoas, tipo de quarto), entre em contacto conosco o mais breve poss\u00edvel.<br \/>Estas altera\u00e7\u00f5es est\u00e3o sujeitas \u00e0 disponibilidade e podem acarretar custos<br \/>adicionais.<\/span><\/p>\n<p data-start=\"790\" data-end=\"1217\"><span aria-hidden=\"true\" class=\"ms-0.5 inline-block align-middle leading-none\"><strong>Reembolsos:<\/strong> O valor relativos aos cancelamentos eleg\u00edveis para<br \/>reembolso, ser\u00e1 devolvido no prazo de 10 dias uteis, a contar da data de<br \/>cancelamento.<\/span><\/p>\n<p>[\/et_pb_text][\/et_pb_column][\/et_pb_row][\/et_pb_section]<\/p>","protected":false},"excerpt":{"rendered":"<p>Termos &amp; Condi\u00e7\u00f5esIdentifica\u00e7\u00e3o do Prestador de Servi\u00e7os O presente website e motor de reservas s\u00e3o operados por: Quinta dos Mist\u00e9rios \u2013 Turismo de Habita\u00e7\u00e3o, Unipessoal, LdaNIF: 513 087 826Endere\u00e7o: Largo da Boa Hora, S\/N, 9800-336 Santo Amaro, S\u00e3o Jorge, A\u00e7ores, PortugalTelefone: +351 967 692 054 E-mail: geral@quintadosmisterios.pt 1. Termos Ao aceder a este site, concorda [&hellip;]<\/p>","protected":false},"author":1,"featured_media":0,"parent":0,"menu_order":0,"comment_status":"closed","ping_status":"closed","template":"","meta":{"_et_pb_use_builder":"on","_et_pb_old_content":"","_et_gb_content_width":"","footnotes":""},"class_list":["post-5746","page","type-page","status-publish","hentry"],"_links":{"self":[{"href":"https:\/\/002.ricardomacedo.com\/en\/wp-json\/wp\/v2\/pages\/5746","targetHints":{"allow":["GET"]}}],"collection":[{"href":"https:\/\/002.ricardomacedo.com\/en\/wp-json\/wp\/v2\/pages"}],"about":[{"href":"https:\/\/002.ricardomacedo.com\/en\/wp-json\/wp\/v2\/types\/page"}],"author":[{"embeddable":true,"href":"https:\/\/002.ricardomacedo.com\/en\/wp-json\/wp\/v2\/users\/1"}],"replies":[{"embeddable":true,"href":"https:\/\/002.ricardomacedo.com\/en\/wp-json\/wp\/v2\/comments?post=5746"}],"version-history":[{"count":13,"href":"https:\/\/002.ricardomacedo.com\/en\/wp-json\/wp\/v2\/pages\/5746\/revisions"}],"predecessor-version":[{"id":7137,"href":"https:\/\/002.ricardomacedo.com\/en\/wp-json\/wp\/v2\/pages\/5746\/revisions\/7137"}],"wp:attachment":[{"href":"https:\/\/002.ricardomacedo.com\/en\/wp-json\/wp\/v2\/media?parent=5746"}],"curies":[{"name":"wp","href":"https:\/\/api.w.org\/{rel}","templated":true}]}}