{"id":5590,"date":"2025-04-14T10:24:02","date_gmt":"2025-04-14T10:24:02","guid":{"rendered":"https:\/\/002.ricardomacedo.com\/?page_id=5590"},"modified":"2025-07-18T17:07:37","modified_gmt":"2025-07-18T17:07:37","slug":"sobre-nos","status":"publish","type":"page","link":"https:\/\/002.ricardomacedo.com\/en\/sobre-nos\/","title":{"rendered":"About Us"},"content":{"rendered":"<p>[et_pb_section fb_built=&#8221;1&#8243; fullwidth=&#8221;on&#8221; _builder_version=&#8221;4.27.4&#8243; _module_preset=&#8221;default&#8221; transform_scale_tablet=&#8221;&#8221; transform_scale_phone=&#8221;&#8221; transform_scale_last_edited=&#8221;on|desktop&#8221; transform_translate=&#8221;0px|-90px&#8221; transform_translate_tablet=&#8221;0px|-82px&#8221; transform_translate_phone=&#8221;0px|-74px&#8221; transform_translate_last_edited=&#8221;on|phone&#8221; transform_translate_linked=&#8221;off&#8221; transform_rotate_tablet=&#8221;&#8221; transform_rotate_phone=&#8221;&#8221; transform_rotate_last_edited=&#8221;on|phone&#8221; transform_skew_tablet=&#8221;&#8221; transform_skew_phone=&#8221;&#8221; transform_skew_last_edited=&#8221;on|phone&#8221; transform_origin_tablet=&#8221;&#8221; transform_origin_phone=&#8221;&#8221; transform_origin_last_edited=&#8221;on|phone&#8221; transform_styles_last_edited=&#8221;on|phone&#8221; height=&#8221;770px&#8221; height_tablet=&#8221;515px&#8221; height_phone=&#8221;485px&#8221; height_last_edited=&#8221;on|tablet&#8221; overflow-x=&#8221;hidden&#8221; overflow-y=&#8221;hidden&#8221; custom_margin=&#8221;||-90px||false|false&#8221; custom_margin_tablet=&#8221;||-84px||false|false&#8221; custom_margin_phone=&#8221;||-290px||false|false&#8221; custom_margin_last_edited=&#8221;on|desktop&#8221; transform_styles_tablet=&#8221;&#8221; transform_styles_phone=&#8221;&#8221; locked=&#8221;off&#8221; global_colors_info=&#8221;{}&#8221;][et_pb_fullwidth_slider show_arrows=&#8221;off&#8221; show_pagination=&#8221;off&#8221; module_class=&#8221;kenburns-bottom&#8221; _builder_version=&#8221;4.27.4&#8243; _module_preset=&#8221;default&#8221; height=&#8221;770px&#8221; height_tablet=&#8221;500px&#8221; height_phone=&#8221;275px&#8221; height_last_edited=&#8221;on|phone&#8221; animation_style=&#8221;fade&#8221; animation_starting_opacity=&#8221;70%&#8221; auto=&#8221;on&#8221; auto_speed=&#8221;4500&#8243; auto_ignore_hover=&#8221;on&#8221; hover_enabled=&#8221;0&#8243; global_colors_info=&#8221;{}&#8221; sticky_enabled=&#8221;0&#8243;][et_pb_slide _builder_version=&#8221;4.27.4&#8243; _module_preset=&#8221;default&#8221; use_background_color_gradient=&#8221;on&#8221; background_color_gradient_stops=&#8221;rgba(0,0,0,0.7) 0%|rgba(255,255,255,0) 27%&#8221; background_color_gradient_overlays_image=&#8221;on&#8221; background_image=&#8221;https:\/\/002.ricardomacedo.com\/wp-content\/uploads\/2025\/07\/i-QqPfbmw-X2.jpg&#8221; background_enable_image=&#8221;on&#8221; global_colors_info=&#8221;{}&#8221; sticky_transition=&#8221;on&#8221;][\/et_pb_slide][et_pb_slide _builder_version=&#8221;4.27.4&#8243; _module_preset=&#8221;default&#8221; use_background_color_gradient=&#8221;on&#8221; background_color_gradient_stops=&#8221;rgba(0,0,0,0.7) 0%|rgba(255,255,255,0) 27%&#8221; background_color_gradient_overlays_image=&#8221;on&#8221; background_image=&#8221;https:\/\/002.ricardomacedo.com\/wp-content\/uploads\/2025\/07\/i-S535pXk-X2.jpg&#8221; background_enable_image=&#8221;on&#8221; global_colors_info=&#8221;{}&#8221; sticky_transition=&#8221;on&#8221;][\/et_pb_slide][et_pb_slide _builder_version=&#8221;4.27.4&#8243; _module_preset=&#8221;default&#8221; use_background_color_gradient=&#8221;on&#8221; background_color_gradient_stops=&#8221;rgba(0,0,0,0.7) 0%|rgba(255,255,255,0) 27%&#8221; background_color_gradient_overlays_image=&#8221;on&#8221; background_image=&#8221;https:\/\/002.ricardomacedo.com\/wp-content\/uploads\/2025\/07\/i-w6CGhrB-X2.jpg&#8221; background_enable_image=&#8221;on&#8221; hover_enabled=&#8221;0&#8243; global_colors_info=&#8221;{}&#8221; sticky_transition=&#8221;on&#8221; background_position=&#8221;top_center&#8221; sticky_enabled=&#8221;0&#8243;][\/et_pb_slide][et_pb_slide _builder_version=&#8221;4.27.4&#8243; _module_preset=&#8221;default&#8221; use_background_color_gradient=&#8221;on&#8221; background_color_gradient_stops=&#8221;rgba(0,0,0,0.7) 0%|rgba(255,255,255,0) 27%&#8221; background_color_gradient_overlays_image=&#8221;on&#8221; background_image=&#8221;https:\/\/002.ricardomacedo.com\/wp-content\/uploads\/2025\/07\/i-nHg4KHV-X2.jpg&#8221; background_enable_image=&#8221;on&#8221; background_position=&#8221;bottom_center&#8221; background_vertical_offset=&#8221;59%&#8221; hover_enabled=&#8221;0&#8243; global_colors_info=&#8221;{}&#8221; sticky_transition=&#8221;on&#8221; sticky_enabled=&#8221;0&#8243;][\/et_pb_slide][\/et_pb_fullwidth_slider][\/et_pb_section][et_pb_section fb_built=&#8221;1&#8243; custom_padding_last_edited=&#8221;on|phone&#8221; disabled_on=&#8221;off|off|off&#8221; _builder_version=&#8221;4.27.4&#8243; _module_preset=&#8221;default&#8221; background_color=&#8221;#FFFFFF&#8221; overflow-x=&#8221;hidden&#8221; overflow-y=&#8221;hidden&#8221; custom_margin=&#8221;||||false|false&#8221; custom_margin_tablet=&#8221;-100px||||false|false&#8221; custom_margin_phone=&#8221;-100px||||false|false&#8221; custom_margin_last_edited=&#8221;on|phone&#8221; custom_padding=&#8221;50px||50px||true|&#8221; custom_padding_tablet=&#8221;50px||50px||true|&#8221; custom_padding_phone=&#8221;||30px||false|false&#8221; locked=&#8221;off&#8221; global_colors_info=&#8221;{}&#8221;][et_pb_row custom_padding_last_edited=&#8221;on|phone&#8221; _builder_version=&#8221;4.27.4&#8243; _module_preset=&#8221;default&#8221; width=&#8221;65%&#8221; width_tablet=&#8221;80%&#8221; width_phone=&#8221;80%&#8221; width_last_edited=&#8221;on|desktop&#8221; custom_margin=&#8221;0px|auto|17px|auto|false|false&#8221; custom_margin_tablet=&#8221;-10px||17px||false|false&#8221; custom_margin_phone=&#8221;-14px|auto||auto|false|false&#8221; custom_margin_last_edited=&#8221;on|desktop&#8221; custom_padding=&#8221;20px||0px||false|false&#8221; custom_padding_tablet=&#8221;20px||0px||false|false&#8221; custom_padding_phone=&#8221;5px||0px||false|false&#8221; locked=&#8221;off&#8221; global_colors_info=&#8221;{}&#8221;][et_pb_column type=&#8221;4_4&#8243; _builder_version=&#8221;4.27.4&#8243; _module_preset=&#8221;default&#8221; global_colors_info=&#8221;{}&#8221;][et_pb_text _builder_version=&#8221;4.27.4&#8243; _module_preset=&#8221;aff76e9d-4ea9-4beb-9aaf-a86f1ee1d6c6&#8243; header_text_align=&#8221;center&#8221; header_font_size=&#8221;35px&#8221; custom_margin=&#8221;||1px|||&#8221; custom_padding=&#8221;||4px|||&#8221; text_text_color_tablet=&#8221;&#8221; text_text_color_phone=&#8221;&#8221; text_text_color_last_edited=&#8221;on|desktop&#8221; header_text_align_tablet=&#8221;center&#8221; header_text_align_phone=&#8221;center&#8221; header_text_align_last_edited=&#8221;on|tablet&#8221; header_font_size_tablet=&#8221;30px&#8221; header_font_size_phone=&#8221;25px&#8221; header_font_size_last_edited=&#8221;on|desktop&#8221; global_colors_info=&#8221;{%22gcid-2d3ca400-beca-4382-8321-27c79dab41a4%22:%91%22header_text_color%22%93}&#8221;]<\/p>\n<h1>Quinta dos Mist\u00e9rios<\/h1>\n<p>[\/et_pb_text][et_pb_text _builder_version=&#8221;4.27.4&#8243; _module_preset=&#8221;6b77aeec-74a9-4e13-bbef-2993abf96ca3&#8243; text_font=&#8221;Source Serif 4||||||||&#8221; header_font=&#8221;Source Serif 4||||||||&#8221; header_2_text_align=&#8221;center&#8221; header_2_font_size=&#8221;25px&#8221; custom_margin_tablet=&#8221;&#8221; custom_margin_phone=&#8221;||-15px||false|false&#8221; custom_margin_last_edited=&#8221;on|phone&#8221; text_text_color_tablet=&#8221;&#8221; text_text_color_phone=&#8221;&#8221; text_text_color_last_edited=&#8221;on|desktop&#8221; header_font_size_tablet=&#8221;60px&#8221; header_font_size_phone=&#8221;27px&#8221; header_2_font_size_tablet=&#8221;22px&#8221; header_2_font_size_phone=&#8221;18px&#8221; global_colors_info=&#8221;{%22gcid-2d3ca400-beca-4382-8321-27c79dab41a4%22:%91%22header_text_color%22%93,%22gcid-59929c70-f34a-463a-a759-427bf611fec4%22:%91%22header_2_text_color%22%93}&#8221;]<\/p>\n<h2><span>A House Surrounded by Nature<\/span><\/h2>\n<p>[\/et_pb_text][\/et_pb_column][\/et_pb_row][et_pb_row _builder_version=&#8221;4.27.4&#8243; _module_preset=&#8221;default&#8221; width=&#8221;65%&#8221; width_tablet=&#8221;80%&#8221; width_phone=&#8221;80%&#8221; width_last_edited=&#8221;on|phone&#8221; custom_padding=&#8221;6px||40px||false|false&#8221; global_colors_info=&#8221;{}&#8221;][et_pb_column type=&#8221;4_4&#8243; _builder_version=&#8221;4.20.0&#8243; _module_preset=&#8221;default&#8221; global_colors_info=&#8221;{}&#8221;][et_pb_text _builder_version=&#8221;4.27.4&#8243; _module_preset=&#8221;d9481202-e772-4aba-8a2e-b00008065f83&#8243; text_text_color=&#8221;gcid-870cfaae-335f-498c-9c50-febe72a93bbf&#8221; link_font=&#8221;Source Serif 4||||||||&#8221; header_4_text_align=&#8221;center&#8221; header_4_line_height=&#8221;1.5em&#8221; text_orientation=&#8221;center&#8221; width=&#8221;80%&#8221; width_tablet=&#8221;80%&#8221; width_phone=&#8221;80%&#8221; width_last_edited=&#8221;on|desktop&#8221; module_alignment=&#8221;center&#8221; custom_margin=&#8221;3px||0px|||&#8221; header_4_font_size_tablet=&#8221;14px&#8221; global_colors_info=&#8221;{%22gcid-870cfaae-335f-498c-9c50-febe72a93bbf%22:%91%22text_text_color%22,%22header_4_text_color%22%93}&#8221;]<\/p>\n<p>The Quinta dos Mist\u00e9rios is a unique heritage tourism accommodation located on the island of S\u00e3o Jorge, in the Azores \u2013 Portugal. Nestled in the heart of the Atlantic, this 17th-century manor house offers an authentic local lodging experience, combining comfort, nature, heritage, and history all in one place.<\/p>\n<p><strong>\u00a0A Manor House in Harmony with the Volcanic Landscape<\/strong><\/p>\n<p>The name \u201cMist\u00e9rios\u201d in the Azores refers to lava fields formed by volcanic eruptions that occurred after the islands were settled. One such phenomenon, the Queimada Volcano, erupted in 1580, shaping the landscape where the Quinta dos Mist\u00e9rios now stands. This geological legacy is an intrinsic part of the place\u2019s identity and sets our accommodation in S\u00e3o Jorge apart.<\/p>\n<p>The manor house, built in the 17th century and classified as a property of historical and architectural interest, has belonged to the same family for nearly 400 years. In 2023, it was carefully restored, respecting its original design, and transformed into a sustainable and cultural tourism project that celebrates the heritage of the Azores.<\/p>\n<p>[\/et_pb_text][\/et_pb_column][\/et_pb_row][et_pb_row column_structure=&#8221;1_3,1_3,1_3&#8243; _builder_version=&#8221;4.27.4&#8243; _module_preset=&#8221;default&#8221; width=&#8221;65%&#8221; width_tablet=&#8221;80%&#8221; width_phone=&#8221;80%&#8221; width_last_edited=&#8221;on|phone&#8221; custom_padding=&#8221;6px||40px||false|false&#8221; global_colors_info=&#8221;{}&#8221;][et_pb_column type=&#8221;1_3&#8243; _builder_version=&#8221;4.20.0&#8243; _module_preset=&#8221;default&#8221; global_colors_info=&#8221;{}&#8221;][et_pb_image src=&#8221;https:\/\/002.ricardomacedo.com\/wp-content\/uploads\/2025\/07\/i-QqPfbmw-X2.jpg&#8221; title_text=&#8221;i-QqPfbmw-X2&#8243; show_in_lightbox=&#8221;on&#8221; align=&#8221;center&#8221; _builder_version=&#8221;4.27.4&#8243; _module_preset=&#8221;default&#8221; global_colors_info=&#8221;{}&#8221;][\/et_pb_image][et_pb_image src=&#8221;https:\/\/002.ricardomacedo.com\/wp-content\/uploads\/2025\/07\/i-h65rHzx-X2.jpg&#8221; title_text=&#8221;i-h65rHzx-X2&#8243; show_in_lightbox=&#8221;on&#8221; align=&#8221;center&#8221; _builder_version=&#8221;4.27.4&#8243; _module_preset=&#8221;default&#8221; global_colors_info=&#8221;{}&#8221;][\/et_pb_image][\/et_pb_column][et_pb_column type=&#8221;1_3&#8243; _builder_version=&#8221;4.20.0&#8243; _module_preset=&#8221;default&#8221; global_colors_info=&#8221;{}&#8221;][et_pb_image src=&#8221;https:\/\/002.ricardomacedo.com\/wp-content\/uploads\/2025\/07\/i-nHg4KHV-X2.jpg&#8221; title_text=&#8221;i-nHg4KHV-X2&#8243; show_in_lightbox=&#8221;on&#8221; _builder_version=&#8221;4.27.4&#8243; _module_preset=&#8221;default&#8221; global_colors_info=&#8221;{}&#8221;][\/et_pb_image][et_pb_image src=&#8221;https:\/\/002.ricardomacedo.com\/wp-content\/uploads\/2025\/07\/i-3zd55Bn-X2.jpg&#8221; title_text=&#8221;i-3zd55Bn-X2&#8243; _builder_version=&#8221;4.27.4&#8243; _module_preset=&#8221;default&#8221; hover_enabled=&#8221;0&#8243; global_colors_info=&#8221;{}&#8221; show_in_lightbox=&#8221;on&#8221; sticky_enabled=&#8221;0&#8243;][\/et_pb_image][\/et_pb_column][et_pb_column type=&#8221;1_3&#8243; _builder_version=&#8221;4.20.0&#8243; _module_preset=&#8221;default&#8221; global_colors_info=&#8221;{}&#8221;][et_pb_image src=&#8221;https:\/\/002.ricardomacedo.com\/wp-content\/uploads\/2025\/07\/i-S535pXk-X2.jpg&#8221; title_text=&#8221;i-S535pXk-X2&#8243; show_in_lightbox=&#8221;on&#8221; _builder_version=&#8221;4.27.4&#8243; _module_preset=&#8221;default&#8221; hover_enabled=&#8221;0&#8243; global_colors_info=&#8221;{}&#8221; sticky_enabled=&#8221;0&#8243;][\/et_pb_image][et_pb_image src=&#8221;https:\/\/002.ricardomacedo.com\/wp-content\/uploads\/2025\/07\/i-mSGPssL-X2.jpg&#8221; title_text=&#8221;i-mSGPssL-X2&#8243; _builder_version=&#8221;4.27.4&#8243; _module_preset=&#8221;default&#8221; hover_enabled=&#8221;0&#8243; global_colors_info=&#8221;{}&#8221; show_in_lightbox=&#8221;on&#8221; sticky_enabled=&#8221;0&#8243;][\/et_pb_image][\/et_pb_column][\/et_pb_row][et_pb_row _builder_version=&#8221;4.27.4&#8243; _module_preset=&#8221;default&#8221; width=&#8221;65%&#8221; width_tablet=&#8221;80%&#8221; width_phone=&#8221;80%&#8221; width_last_edited=&#8221;on|phone&#8221; custom_margin=&#8221;20px||||false|false&#8221; custom_margin_tablet=&#8221;20px||||false|false&#8221; custom_margin_phone=&#8221;20px||||false|false&#8221; custom_margin_last_edited=&#8221;on|desktop&#8221; custom_padding=&#8221;6px||1px||false|false&#8221; global_colors_info=&#8221;{}&#8221;][et_pb_column type=&#8221;4_4&#8243; _builder_version=&#8221;4.20.0&#8243; _module_preset=&#8221;default&#8221; global_colors_info=&#8221;{}&#8221;][et_pb_text _builder_version=&#8221;4.27.4&#8243; _module_preset=&#8221;d9481202-e772-4aba-8a2e-b00008065f83&#8243; text_text_color=&#8221;gcid-870cfaae-335f-498c-9c50-febe72a93bbf&#8221; link_font=&#8221;Source Serif 4||||||||&#8221; header_4_text_align=&#8221;center&#8221; header_4_line_height=&#8221;1.5em&#8221; text_orientation=&#8221;center&#8221; width=&#8221;80%&#8221; width_tablet=&#8221;80%&#8221; width_phone=&#8221;80%&#8221; width_last_edited=&#8221;on|desktop&#8221; module_alignment=&#8221;center&#8221; custom_margin=&#8221;3px||25px|||&#8221; header_4_font_size_tablet=&#8221;14px&#8221; global_colors_info=&#8221;{%22gcid-870cfaae-335f-498c-9c50-febe72a93bbf%22:%91%22text_text_color%22,%22header_4_text_color%22%93}&#8221;]<\/p>\n<p class=\"p1\" style=\"text-align: center;\"><strong><span class=\"s1\">Accommodation with Soul and History in the Azores<span class=\"Apple-converted-space\">\u00a0<\/span><\/span><\/strong><\/p>\n<p class=\"p1\" style=\"text-align: center;\"><span class=\"s1\">At Quinta dos Mist\u00e9rios, we offer more than just a stay. We create a cultural tourism experience in the Azores where every detail is designed to provide authenticity, comfort, and a genuine connection with Azorean culture.<span class=\"Apple-converted-space\">\u00a0<\/span><\/span><\/p>\n<p><span class=\"s1\">.Rooms decorated with period furniture <\/span><span class=\"s2\"><br \/><\/span><\/p>\n<p><span class=\"s1\">.Inviting and inspiring common areas <\/span><span class=\"s2\"><br \/><\/span><\/p>\n<p><span class=\"s1\">.Natural surroundings with centuries-old trees and volcanic trails <\/span><span class=\"s2\"><br \/><\/span><\/p>\n<p><span class=\"s1\">A family spirit that can be felt in every corner of the house <\/span><span class=\"s2\"><br \/><\/span><span class=\"s1\"><br \/>We are the ideal destination for those seeking boutique accommodation in the Azores, away from the crowds, close to authenticity, and deeply connected to history and the surrounding environment. <\/span><span class=\"s2\"><br \/><\/span><span class=\"s1\"><br \/><strong>Conscious Tourism and Living Heritage <\/strong><\/span><strong><span class=\"s2\"><br \/><\/span><\/strong><span class=\"s1\"><br \/>We are committed to responsible tourism in the Azores, preserving the architectural heritage of the house and the biodiversity that surrounds it. Each stay contributes to valuing the local history and protecting a unique ecosystem. <\/span><span class=\"s2\"><br \/><\/span><\/p>\n<p class=\"p1\" style=\"text-align: center;\"><span class=\"s1\">We invite you to discover the island of S\u00e3o Jorge through accommodation with its own identity, where the land tells stories and every stone holds memories. Whether to relax, explore trails, or immerse yourself in Azorean culture, Quinta dos Mist\u00e9rios is your refuge.<span class=\"Apple-converted-space\">\u00a0<\/span><\/span><\/p>\n<p>[\/et_pb_text][\/et_pb_column][\/et_pb_row][et_pb_row column_structure=&#8221;1_3,1_3,1_3&#8243; _builder_version=&#8221;4.27.4&#8243; _module_preset=&#8221;default&#8221; width=&#8221;65%&#8221; width_tablet=&#8221;80%&#8221; width_phone=&#8221;80%&#8221; width_last_edited=&#8221;on|phone&#8221; custom_margin=&#8221;40px||||false|false&#8221; custom_margin_tablet=&#8221;40px||||false|false&#8221; custom_margin_phone=&#8221;40px||||false|false&#8221; custom_margin_last_edited=&#8221;on|desktop&#8221; custom_padding=&#8221;6px||40px||false|false&#8221; global_colors_info=&#8221;{}&#8221;][et_pb_column type=&#8221;1_3&#8243; _builder_version=&#8221;4.20.0&#8243; _module_preset=&#8221;default&#8221; global_colors_info=&#8221;{}&#8221;][et_pb_image src=&#8221;https:\/\/002.ricardomacedo.com\/wp-content\/uploads\/2025\/06\/staff_DSC1200-quinta-misterios.jpg&#8221; title_text=&#8221;staff_DSC1200-quinta-misterios&#8221; align=&#8221;center&#8221; _builder_version=&#8221;4.27.4&#8243; _module_preset=&#8221;default&#8221; global_colors_info=&#8221;{}&#8221; show_in_lightbox=&#8221;on&#8221;][\/et_pb_image][et_pb_image src=&#8221;https:\/\/002.ricardomacedo.com\/wp-content\/uploads\/2025\/07\/interior_EST_024619.jpg&#8221; title_text=&#8221;interior_EST_024619&#8243; _builder_version=&#8221;4.27.4&#8243; _module_preset=&#8221;default&#8221; global_colors_info=&#8221;{}&#8221; show_in_lightbox=&#8221;on&#8221;][\/et_pb_image][\/et_pb_column][et_pb_column type=&#8221;1_3&#8243; _builder_version=&#8221;4.20.0&#8243; _module_preset=&#8221;default&#8221; global_colors_info=&#8221;{}&#8221;][et_pb_image src=&#8221;https:\/\/002.ricardomacedo.com\/wp-content\/uploads\/2025\/07\/exterior_pessoas_DSC1589-quinta-misterios.jpg&#8221; title_text=&#8221;exterior_pessoas_DSC1589-quinta-misterios&#8221; _builder_version=&#8221;4.27.4&#8243; _module_preset=&#8221;default&#8221; global_colors_info=&#8221;{}&#8221; show_in_lightbox=&#8221;on&#8221;][\/et_pb_image][et_pb_image src=&#8221;https:\/\/002.ricardomacedo.com\/wp-content\/uploads\/2025\/07\/interior_IMG_20240131_154441.jpg&#8221; title_text=&#8221;interior_IMG_20240131_154441&#8243; align=&#8221;center&#8221; _builder_version=&#8221;4.27.4&#8243; _module_preset=&#8221;default&#8221; global_colors_info=&#8221;{}&#8221; show_in_lightbox=&#8221;on&#8221;][\/et_pb_image][\/et_pb_column][et_pb_column type=&#8221;1_3&#8243; _builder_version=&#8221;4.20.0&#8243; _module_preset=&#8221;default&#8221; global_colors_info=&#8221;{}&#8221;][et_pb_image src=&#8221;https:\/\/002.ricardomacedo.com\/wp-content\/uploads\/2025\/06\/DSC1553-quinta-misterios.jpg&#8221; title_text=&#8221;_DSC1553-quinta-misterios&#8221; align=&#8221;center&#8221; _builder_version=&#8221;4.27.4&#8243; _module_preset=&#8221;default&#8221; global_colors_info=&#8221;{}&#8221; show_in_lightbox=&#8221;on&#8221;][\/et_pb_image][et_pb_image src=&#8221;https:\/\/002.ricardomacedo.com\/wp-content\/uploads\/2025\/07\/interior_EST_024599.jpg&#8221; title_text=&#8221;interior_EST_024599&#8243; align=&#8221;center&#8221; _builder_version=&#8221;4.27.4&#8243; _module_preset=&#8221;default&#8221; hover_enabled=&#8221;0&#8243; global_colors_info=&#8221;{}&#8221; show_in_lightbox=&#8221;on&#8221; sticky_enabled=&#8221;0&#8243;][\/et_pb_image][\/et_pb_column][\/et_pb_row][\/et_pb_section]<\/p>","protected":false},"excerpt":{"rendered":"<p>Quinta dos Mist\u00e9riosUm Solar rodeado pela NaturezaA Quinta dos Mist\u00e9rios \u00e9 um Turismo de Habita\u00e7\u00e3o \u00fanico situado na ilha de S\u00e3o Jorge, nos A\u00e7ores \u2013 Portugal. Localizada no cora\u00e7\u00e3o do Atl\u00e2ntico, esta casa senhorial do s\u00e9culo XVII oferece uma experi\u00eancia aut\u00eantica de alojamento local, aliando conforto, natureza, patrim\u00f3nio e hist\u00f3ria num s\u00f3 lugar. \u00a0Uma Casa [&hellip;]<\/p>","protected":false},"author":1,"featured_media":0,"parent":0,"menu_order":0,"comment_status":"closed","ping_status":"closed","template":"","meta":{"_et_pb_use_builder":"on","_et_pb_old_content":"","_et_gb_content_width":"","footnotes":""},"class_list":["post-5590","page","type-page","status-publish","hentry"],"_links":{"self":[{"href":"https:\/\/002.ricardomacedo.com\/en\/wp-json\/wp\/v2\/pages\/5590","targetHints":{"allow":["GET"]}}],"collection":[{"href":"https:\/\/002.ricardomacedo.com\/en\/wp-json\/wp\/v2\/pages"}],"about":[{"href":"https:\/\/002.ricardomacedo.com\/en\/wp-json\/wp\/v2\/types\/page"}],"author":[{"embeddable":true,"href":"https:\/\/002.ricardomacedo.com\/en\/wp-json\/wp\/v2\/users\/1"}],"replies":[{"embeddable":true,"href":"https:\/\/002.ricardomacedo.com\/en\/wp-json\/wp\/v2\/comments?post=5590"}],"version-history":[{"count":52,"href":"https:\/\/002.ricardomacedo.com\/en\/wp-json\/wp\/v2\/pages\/5590\/revisions"}],"predecessor-version":[{"id":6984,"href":"https:\/\/002.ricardomacedo.com\/en\/wp-json\/wp\/v2\/pages\/5590\/revisions\/6984"}],"wp:attachment":[{"href":"https:\/\/002.ricardomacedo.com\/en\/wp-json\/wp\/v2\/media?parent=5590"}],"curies":[{"name":"wp","href":"https:\/\/api.w.org\/{rel}","templated":true}]}}